{"id":71853,"date":"2025-02-18T14:56:01","date_gmt":"2025-02-18T14:56:01","guid":{"rendered":"https:\/\/ottawagolddev.wpenginepowered.com\/?page_id=71853"},"modified":"2026-01-06T09:05:16","modified_gmt":"2026-01-06T17:05:16","slug":"about-canada-gold-ottawa","status":"publish","type":"page","link":"https:\/\/ottawagold.ca\/fr\/about-canada-gold-ottawa\/","title":{"rendered":"About Canada Gold &#8211; Ottawa"},"content":{"rendered":"<p>[et_pb_section fb_built=&#8221;1&#8243; custom_padding_last_edited=&#8221;on|desktop&#8221; admin_label=&#8221;Section&#8221; _builder_version=&#8221;4.27.4&#8243; _module_preset=&#8221;default&#8221; background_color=&#8221;#032340&#8243; height_tablet=&#8221;&#8221; height_phone=&#8221;&#8221; height_last_edited=&#8221;on|desktop&#8221; custom_padding=&#8221;9px||4px||false|false&#8221; custom_padding_tablet=&#8221;9px||4px||false|false&#8221; custom_padding_phone=&#8221;9px||4px||false|false&#8221; border_color_bottom=&#8221;#D2AE74&#8243; saved_tabs=&#8221;all&#8221; locked=&#8221;off&#8221; collapsed=&#8221;off&#8221; global_colors_info=&#8221;{}&#8221;][et_pb_row make_equal=&#8221;on&#8221; _builder_version=&#8221;4.27.4&#8243; _module_preset=&#8221;default&#8221; custom_padding=&#8221;0px||0px||false|false&#8221; custom_css_main_element=&#8221;display:flex;&#8221; global_colors_info=&#8221;{}&#8221;][et_pb_column type=&#8221;4_4&#8243; _builder_version=&#8221;4.27.4&#8243; _module_preset=&#8221;default&#8221; custom_css_main_element=&#8221;display:flex;||flex-direction:column;||justify-content: center;&#8221; global_colors_info=&#8221;{}&#8221;][et_pb_text admin_label=&#8221;page title&#8221; _builder_version=&#8221;4.27.4&#8243; _dynamic_attributes=&#8221;content&#8221; _module_preset=&#8221;default&#8221; header_font=&#8221;|&#8211;et_global_heading_font_weight||on|||||&#8221; header_text_align=&#8221;center&#8221; header_text_color=&#8221;#FFFFFF&#8221; header_font_size=&#8221;38px&#8221; custom_css_free_form=&#8221;.selector h1 {||  font-weight:400!important;||}&#8221; global_colors_info=&#8221;{}&#8221;]@ET-DC@eyJkeW5hbWljIjp0cnVlLCJjb250ZW50IjoicG9zdF90aXRsZSIsInNldHRpbmdzIjp7ImJlZm9yZSI6IjxoMT4iLCJhZnRlciI6IjwvaDE+In19@[\/et_pb_text][\/et_pb_column][\/et_pb_row][\/et_pb_section][et_pb_section fb_built=&#8221;1&#8243; _builder_version=&#8221;4.27.4&#8243; _module_preset=&#8221;default&#8221; custom_margin=&#8221;||20px||false|false&#8221; custom_padding=&#8221;0px||0px||false|false&#8221; global_module=&#8221;151&#8243; saved_tabs=&#8221;all&#8221; locked=&#8221;off&#8221; global_colors_info=&#8221;{}&#8221;][et_pb_row _builder_version=&#8221;4.27.4&#8243; _module_preset=&#8221;default&#8221; max_width=&#8221;1280px&#8221; custom_padding=&#8221;20px||20px||true|false&#8221; global_colors_info=&#8221;{}&#8221;][et_pb_column type=&#8221;4_4&#8243; _builder_version=&#8221;4.27.4&#8243; _module_preset=&#8221;default&#8221; global_colors_info=&#8221;{}&#8221;][et_pb_text admin_label=&#8221;breadcrumbs&#8221; _builder_version=&#8221;4.27.4&#8243; _module_preset=&#8221;default&#8221; text_font=&#8221;|&#8211;et_global_body_font_weight||on|||||&#8221; text_text_color=&#8221;#0E3E63&#8243; text_font_size=&#8221;14px&#8221; link_font=&#8221;|||on|||||&#8221; link_text_color=&#8221;#000000&#8243; global_colors_info=&#8221;{}&#8221;]<\/p>\n<div data-plaintext=\"true\" data-pm-slice=\"1 1 [&quot;codeblock&quot;,{&quot;style&quot;:null,&quot;codeblock&quot;:true,&quot;textAlign&quot;:null,&quot;syntaxLanguage&quot;:null,&quot;lineWrapping&quot;:false}]\" data-en-clipboard=\"true\"><span><span><a href=\"https:\/\/ottawagold.ca\/\">Home<\/a><\/span><\/span><\/div>\n<p>[\/et_pb_text][\/et_pb_column][\/et_pb_row][\/et_pb_section][et_pb_section fb_built=&#8221;1&#8243; _builder_version=&#8221;4.27.4&#8243; _module_preset=&#8221;default&#8221; custom_padding=&#8221;0px||||false|false&#8221; global_colors_info=&#8221;{}&#8221;][et_pb_row column_structure=&#8221;2_5,3_5&#8243; _builder_version=&#8221;4.27.4&#8243; _module_preset=&#8221;default&#8221; max_width=&#8221;1280px&#8221; custom_padding=&#8221;20px||||false|false&#8221; global_colors_info=&#8221;{}&#8221;][et_pb_column type=&#8221;2_5&#8243; _builder_version=&#8221;4.27.4&#8243; _module_preset=&#8221;default&#8221; global_colors_info=&#8221;{}&#8221;][et_pb_text _builder_version=&#8221;4.27.4&#8243; _module_preset=&#8221;default&#8221; text_text_color=&#8221;#000000&#8243; header_3_text_color=&#8221;#242424&#8243; header_3_line_height=&#8221;1.2em&#8221; hover_enabled=&#8221;0&#8243; text_font_size_tablet=&#8221;&#8221; text_font_size_phone=&#8221;18px&#8221; text_font_size_last_edited=&#8221;on|phone&#8221; global_colors_info=&#8221;{}&#8221; admin_label=&#8221;Ottawa&#8217;s Top Gold Buyer &#038; Seller&#8221; sticky_enabled=&#8221;0&#8243;]<\/p>\n<h2>Ottawa&#8217;s Top Gold Buyer &amp; Seller<\/h2>\n<p>Ottawa has a robust market of gold, silver and platinum buyers and sellers, but none can compete with Canada Gold. Our Carlingwood and Gloucester locations offer a courteous, knowledgeable staff, modern facilities with the latest testing equipment and super competitive pricing based on market rates. Buyers will find our bullion prices hard to beat and sellers will find they get more for their gold, silver and platinum jewellery and bullion than pawn shops and other precious metal buyers can offer. We&#8217;re a family run business with stores all over Canada, and our Ottawa locations were carefully chosen to make visiting us easy no matter where you reside in the city.<\/p>\n<p>[\/et_pb_text][\/et_pb_column][et_pb_column type=&#8221;3_5&#8243; _builder_version=&#8221;4.27.4&#8243; _module_preset=&#8221;default&#8221; global_colors_info=&#8221;{}&#8221;][et_pb_slider show_arrows=&#8221;off&#8221; show_pagination=&#8221;off&#8221; _builder_version=&#8221;4.27.4&#8243; _module_preset=&#8221;default&#8221; header_font_size=&#8221;46px&#8221; auto=&#8221;on&#8221; auto_ignore_hover=&#8221;on&#8221; global_colors_info=&#8221;{}&#8221;][et_pb_slide heading=&#8221;GOLD &#038; SILVER PROFESSIONALS&#8221; use_bg_overlay=&#8221;on&#8221; _builder_version=&#8221;4.27.4&#8243; _module_preset=&#8221;default&#8221; header_font=&#8221;|&#8211;et_global_body_font_weight|||||||&#8221; header_font_size=&#8221;41px&#8221; background_image=&#8221;https:\/\/ottawagold.ca\/wp-content\/uploads\/2025\/01\/Test-6-Option2-1.jpg&#8221; background_enable_image=&#8221;on&#8221; background_position=&#8221;center_right&#8221; header_font_size_tablet=&#8221;41px&#8221; header_font_size_phone=&#8221;29px&#8221; header_font_size_last_edited=&#8221;on|phone&#8221; header_text_shadow_style=&#8221;preset4&#8243; global_colors_info=&#8221;{}&#8221; sticky_transition=&#8221;on&#8221;][\/et_pb_slide][et_pb_slide heading=&#8221;WE BUY &#038; SELL GOLD BARS&#8221; use_bg_overlay=&#8221;on&#8221; _builder_version=&#8221;4.27.4&#8243; _module_preset=&#8221;default&#8221; header_font=&#8221;|&#8211;et_global_body_font_weight|||||||&#8221; header_font_size=&#8221;41px&#8221; background_image=&#8221;https:\/\/ottawagold.ca\/wp-content\/uploads\/2025\/01\/Gold-Bars-1.jpg&#8221; background_enable_image=&#8221;on&#8221; background_position=&#8221;center_right&#8221; header_text_shadow_style=&#8221;preset4&#8243; global_colors_info=&#8221;{}&#8221; sticky_transition=&#8221;on&#8221;][\/et_pb_slide][et_pb_slide heading=&#8221;WE BUY &#038; SELL JEWELLERY&#8221; use_bg_overlay=&#8221;on&#8221; _builder_version=&#8221;4.27.4&#8243; _module_preset=&#8221;default&#8221; header_font=&#8221;|&#8211;et_global_body_font_weight|||||||&#8221; header_font_size=&#8221;41px&#8221; background_image=&#8221;https:\/\/ottawagold.ca\/wp-content\/uploads\/2025\/04\/Jewellery.jpg&#8221; background_enable_image=&#8221;on&#8221; background_position=&#8221;center_right&#8221; header_text_shadow_style=&#8221;preset4&#8243; global_colors_info=&#8221;{}&#8221; sticky_transition=&#8221;on&#8221;][\/et_pb_slide][et_pb_slide heading=&#8221;WE BUY &#038; SELL GOLD COINS&#8221; use_bg_overlay=&#8221;on&#8221; _builder_version=&#8221;4.27.4&#8243; _module_preset=&#8221;default&#8221; header_font=&#8221;|&#8211;et_global_body_font_weight|||||||&#8221; header_font_size=&#8221;41px&#8221; background_image=&#8221;https:\/\/ottawagold.ca\/wp-content\/uploads\/2025\/01\/Gold-Coins.jpg&#8221; background_enable_image=&#8221;on&#8221; background_position=&#8221;center_right&#8221; header_text_shadow_style=&#8221;preset4&#8243; global_colors_info=&#8221;{}&#8221; sticky_transition=&#8221;on&#8221;][\/et_pb_slide][et_pb_slide heading=&#8221;WE BUY &#038; SELL SILVER BARS&#8221; use_bg_overlay=&#8221;on&#8221; _builder_version=&#8221;4.27.4&#8243; _module_preset=&#8221;default&#8221; header_font=&#8221;|&#8211;et_global_body_font_weight|||||||&#8221; header_font_size=&#8221;41px&#8221; background_image=&#8221;https:\/\/ottawagold.ca\/wp-content\/uploads\/2025\/01\/Silver-Bars.jpg&#8221; background_enable_image=&#8221;on&#8221; background_position=&#8221;center_right&#8221; header_text_shadow_style=&#8221;preset4&#8243; global_colors_info=&#8221;{}&#8221; sticky_transition=&#8221;on&#8221;][\/et_pb_slide][et_pb_slide heading=&#8221;WE BUY &#038; SELL SILVER COINS&#8221; use_bg_overlay=&#8221;on&#8221; _builder_version=&#8221;4.27.4&#8243; _module_preset=&#8221;default&#8221; header_font=&#8221;|&#8211;et_global_body_font_weight|||||||&#8221; header_font_size=&#8221;41px&#8221; background_image=&#8221;https:\/\/ottawagold.ca\/wp-content\/uploads\/2025\/01\/Silver-Coins.jpg&#8221; background_enable_image=&#8221;on&#8221; background_position=&#8221;center_right&#8221; header_text_shadow_style=&#8221;preset4&#8243; global_colors_info=&#8221;{}&#8221; sticky_transition=&#8221;on&#8221;][\/et_pb_slide][et_pb_slide heading=&#8221;WE BUY &#038; SELL WATCHES&#8221; use_bg_overlay=&#8221;on&#8221; _builder_version=&#8221;4.27.4&#8243; _module_preset=&#8221;default&#8221; header_font=&#8221;|&#8211;et_global_body_font_weight|||||||&#8221; header_font_size=&#8221;41px&#8221; background_image=&#8221;https:\/\/ottawagold.ca\/wp-content\/uploads\/2025\/01\/Watches2.jpg&#8221; background_enable_image=&#8221;on&#8221; background_position=&#8221;center_right&#8221; header_text_shadow_style=&#8221;preset4&#8243; global_colors_info=&#8221;{}&#8221; sticky_transition=&#8221;on&#8221;][\/et_pb_slide][et_pb_slide heading=&#8221;WE BUY &#038; SELL COINS&#8221; use_bg_overlay=&#8221;on&#8221; _builder_version=&#8221;4.27.4&#8243; _module_preset=&#8221;default&#8221; header_font=&#8221;|&#8211;et_global_body_font_weight|||||||&#8221; header_font_size=&#8221;41px&#8221; background_image=&#8221;https:\/\/ottawagold.ca\/wp-content\/uploads\/2025\/01\/Coins.jpg&#8221; background_enable_image=&#8221;on&#8221; background_position=&#8221;center_right&#8221; header_text_shadow_style=&#8221;preset4&#8243; global_colors_info=&#8221;{}&#8221; sticky_transition=&#8221;on&#8221;][\/et_pb_slide][et_pb_slide heading=&#8221;WE BUY &#038; SELL ESTATE COLLECTIONS&#8221; use_bg_overlay=&#8221;on&#8221; _builder_version=&#8221;4.27.4&#8243; _module_preset=&#8221;default&#8221; header_font=&#8221;|&#8211;et_global_body_font_weight|||||||&#8221; header_font_size=&#8221;41px&#8221; background_image=&#8221;https:\/\/ottawagold.ca\/wp-content\/uploads\/2025\/01\/CCC-Estate-Safe_3d-scaled-1.jpg&#8221; background_enable_image=&#8221;on&#8221; background_position=&#8221;center_right&#8221; header_font_size_tablet=&#8221;41px&#8221; header_font_size_phone=&#8221;35px&#8221; header_font_size_last_edited=&#8221;on|phone&#8221; header_text_shadow_style=&#8221;preset4&#8243; global_colors_info=&#8221;{}&#8221; sticky_transition=&#8221;on&#8221;][\/et_pb_slide][et_pb_slide heading=&#8221;WE BUY &#038; SELL PAPER MONEY&#8221; use_bg_overlay=&#8221;on&#8221; _builder_version=&#8221;4.27.4&#8243; _module_preset=&#8221;default&#8221; header_font=&#8221;|&#8211;et_global_body_font_weight|||||||&#8221; header_font_size=&#8221;41px&#8221; background_image=&#8221;https:\/\/ottawagold.ca\/wp-content\/uploads\/2025\/01\/Paper-Money.jpg&#8221; background_enable_image=&#8221;on&#8221; background_position=&#8221;center_right&#8221; header_text_shadow_style=&#8221;preset4&#8243; global_colors_info=&#8221;{}&#8221; sticky_transition=&#8221;on&#8221;][\/et_pb_slide][\/et_pb_slider][\/et_pb_column][\/et_pb_row][et_pb_row _builder_version=&#8221;4.27.4&#8243; _module_preset=&#8221;default&#8221; max_width=&#8221;1280px&#8221; custom_padding=&#8221;0px||0px||false|false&#8221; global_colors_info=&#8221;{}&#8221;][et_pb_column type=&#8221;4_4&#8243; _builder_version=&#8221;4.27.4&#8243; _module_preset=&#8221;default&#8221; global_colors_info=&#8221;{}&#8221;][et_pb_image src=&#8221;https:\/\/ottawagold.ca\/wp-content\/uploads\/2026\/01\/2025-11-11.webp&#8221; title_text=&#8221;2025-11-11&#8243; align=&#8221;center&#8221; _builder_version=&#8221;4.27.4&#8243; _module_preset=&#8221;default&#8221; width=&#8221;30%&#8221; width_tablet=&#8221;45%&#8221; width_phone=&#8221;100%&#8221; width_last_edited=&#8221;on|phone&#8221; hover_enabled=&#8221;0&#8243; custom_css_main_element=&#8221;float:left;||margin-right: 30px;&#8221; global_colors_info=&#8221;{}&#8221; admin_label=&#8221;carlingwood %91IMG%93&#8243; sticky_enabled=&#8221;0&#8243;][\/et_pb_image][et_pb_text admin_label=&#8221;What Makes Us Different?&#8221; _builder_version=&#8221;4.27.4&#8243; _module_preset=&#8221;e2a92389-a1de-4ff6-afc8-481c2e3a7ec8&#8243; text_font=&#8221;&#8211;et_global_body_font||||||||&#8221; header_3_font=&#8221;||||||||&#8221; hover_enabled=&#8221;0&#8243; text_font_size_tablet=&#8221;&#8221; text_font_size_phone=&#8221;18px&#8221; text_font_size_last_edited=&#8221;on|phone&#8221; global_colors_info=&#8221;{}&#8221; sticky_enabled=&#8221;0&#8243;]<\/p>\n<h3 id=\"trust-and-transparency\">What Makes Us Different?<\/h3>\n<p><span style=\"font-weight: 400;\">We want to earn your business and encourage you to stop by either of our locations and let us show you how our combination of better service and no-haggle pricing makes for a better buying or selling experience. But don&#8217;t just take our word for it: we&#8217;re a BBB accredited business both nationally and in Ottawa. We&#8217;re also a Royal Canadian Mint authorized dealer; something we&#8217;re extremely proud of. Our BBB accreditation and our association with the RCM are only possible because our business practices adhere to the highest standards. We treat all customers the way we wish to be treated, with respect and dignity. Whether you&#8217;re buying enough bullion to sink a battleship, a single silver coin or selling an old class ring, we want to give you every incentive to return and do business with us on a regular basis.<\/span><\/p>\n<p>[\/et_pb_text][et_pb_text admin_label=&#8221;Our Strength is in Our Personnel&#8221; _builder_version=&#8221;4.27.4&#8243; _module_preset=&#8221;e2a92389-a1de-4ff6-afc8-481c2e3a7ec8&#8243; text_font=&#8221;&#8211;et_global_body_font||||||||&#8221; header_3_font=&#8221;||||||||&#8221; hover_enabled=&#8221;0&#8243; text_font_size_tablet=&#8221;&#8221; text_font_size_phone=&#8221;18px&#8221; text_font_size_last_edited=&#8221;on|phone&#8221; global_colors_info=&#8221;{}&#8221; sticky_enabled=&#8221;0&#8243;]<\/p>\n<h3>Our Strength is in Our Personnel<\/h3>\n<p>As mentioned, Canada Gold is a family owned business, and although it may sound a little trite, our employees <em>are our extended family<\/em>. Most have been with us for many, many years and that&#8217;s because we ensure they have ample opportunities for learning the business, including training in precious metal and monetary instrument valuation as well as management. In return, they&#8217;ve helped us grow into Canada&#8217;s largest precious metal dealer. Above all, we emphasize customer service as the cornerstone of our success and we&#8217;re happy to say that when it comes to keeping our customers happy, our Ottawa staff at both locations is simply second to none.<\/p>\n<p>[\/et_pb_text][\/et_pb_column][\/et_pb_row][\/et_pb_section]<\/p>\n","protected":false},"excerpt":{"rendered":"<p><span><span><a href=\"https:\/\/ottawagold.ca\/\">Home<\/a><\/span><\/span>Ottawa&#8217;s Top Gold Buyer &amp; Seller Ottawa has a robust market of gold, silver and platinum buyers and sellers, but none can compete with Canada Gold. Our Carlingwood and Gloucester locations offer a courteous, knowledgeable staff, modern facilities with the latest testing equipment and super competitive pricing based on market rates. Buyers will find our [&hellip;]<\/p>\n","protected":false},"author":1,"featured_media":0,"parent":0,"menu_order":0,"comment_status":"closed","ping_status":"closed","template":"","meta":{"_acf_changed":false,"_et_pb_use_builder":"on","_et_pb_old_content":"","_et_gb_content_width":"","footnotes":""},"class_list":["post-71853","page","type-page","status-publish","hentry"],"acf":[],"yoast_head":"<!-- This site is optimized with the Yoast SEO plugin v27.3 - https:\/\/yoast.com\/product\/yoast-seo-wordpress\/ -->\n<title>Best Place To Buy &amp; Sell Gold - Ottawa Gold<\/title>\n<meta name=\"description\" content=\"Learn about Canada Gold and what makes our locations across the country the best places to buy and sell gold.\" \/>\n<meta name=\"robots\" content=\"index, follow, max-snippet:-1, max-image-preview:large, max-video-preview:-1\" \/>\n<link rel=\"canonical\" href=\"https:\/\/ottawagold.ca\/fr\/about-canada-gold-ottawa\/\" \/>\n<meta property=\"og:locale\" content=\"fr_CA\" \/>\n<meta property=\"og:type\" content=\"article\" \/>\n<meta property=\"og:title\" content=\"Best Place To Buy &amp; Sell Gold - Ottawa Gold\" \/>\n<meta property=\"og:description\" content=\"Learn about Canada Gold and what makes our locations across the country the best places to buy and sell gold.\" \/>\n<meta property=\"og:url\" content=\"https:\/\/ottawagold.ca\/fr\/about-canada-gold-ottawa\/\" \/>\n<meta property=\"og:site_name\" content=\"Ottawa Gold\" \/>\n<meta property=\"article:publisher\" content=\"https:\/\/www.facebook.com\/CanadaGoldBBB\" \/>\n<meta property=\"article:modified_time\" content=\"2026-01-06T17:05:16+00:00\" \/>\n<meta property=\"og:image\" content=\"https:\/\/ottawagold.ca\/wp-content\/uploads\/2025\/07\/canadagold-logo-Ottawa-satellites-dark.png\" \/>\n\t<meta property=\"og:image:width\" content=\"450\" \/>\n\t<meta property=\"og:image:height\" content=\"107\" \/>\n\t<meta property=\"og:image:type\" content=\"image\/png\" \/>\n<meta name=\"twitter:card\" content=\"summary_large_image\" \/>\n<meta name=\"twitter:site\" content=\"@CanadaGoldBBB\" \/>\n<meta name=\"twitter:label1\" content=\"Estimation du temps de lecture\" \/>\n\t<meta name=\"twitter:data1\" content=\"3 minutes\" \/>\n<script type=\"application\/ld+json\" class=\"yoast-schema-graph\">{\"@context\":\"https:\\\/\\\/schema.org\",\"@graph\":[{\"@type\":\"WebPage\",\"@id\":\"https:\\\/\\\/ottawagold.ca\\\/about-canada-gold-ottawa\\\/\",\"url\":\"https:\\\/\\\/ottawagold.ca\\\/about-canada-gold-ottawa\\\/\",\"name\":\"Best Place To Buy & Sell Gold - Ottawa Gold\",\"isPartOf\":{\"@id\":\"https:\\\/\\\/ottawagold.ca\\\/#website\"},\"datePublished\":\"2025-02-18T14:56:01+00:00\",\"dateModified\":\"2026-01-06T17:05:16+00:00\",\"description\":\"Learn about Canada Gold and what makes our locations across the country the best places to buy and sell gold.\",\"breadcrumb\":{\"@id\":\"https:\\\/\\\/ottawagold.ca\\\/about-canada-gold-ottawa\\\/#breadcrumb\"},\"inLanguage\":\"fr-CA\",\"potentialAction\":[{\"@type\":\"ReadAction\",\"target\":[\"https:\\\/\\\/ottawagold.ca\\\/about-canada-gold-ottawa\\\/\"]}]},{\"@type\":\"BreadcrumbList\",\"@id\":\"https:\\\/\\\/ottawagold.ca\\\/about-canada-gold-ottawa\\\/#breadcrumb\",\"itemListElement\":[{\"@type\":\"ListItem\",\"position\":1,\"name\":\"Home\",\"item\":\"https:\\\/\\\/ottawagold.ca\\\/\"},{\"@type\":\"ListItem\",\"position\":2,\"name\":\"About Canada Gold &#8211; Ottawa\"}]},{\"@type\":\"WebSite\",\"@id\":\"https:\\\/\\\/ottawagold.ca\\\/#website\",\"url\":\"https:\\\/\\\/ottawagold.ca\\\/\",\"name\":\"Ottawa Gold\",\"description\":\"A Division of Canada Gold\",\"publisher\":{\"@id\":\"https:\\\/\\\/ottawagold.ca\\\/#organization\"},\"potentialAction\":[{\"@type\":\"SearchAction\",\"target\":{\"@type\":\"EntryPoint\",\"urlTemplate\":\"https:\\\/\\\/ottawagold.ca\\\/?s={search_term_string}\"},\"query-input\":{\"@type\":\"PropertyValueSpecification\",\"valueRequired\":true,\"valueName\":\"search_term_string\"}}],\"inLanguage\":\"fr-CA\"},{\"@type\":\"Organization\",\"@id\":\"https:\\\/\\\/ottawagold.ca\\\/#organization\",\"name\":\"Ottawa Gold\",\"url\":\"https:\\\/\\\/ottawagold.ca\\\/\",\"logo\":{\"@type\":\"ImageObject\",\"inLanguage\":\"fr-CA\",\"@id\":\"https:\\\/\\\/ottawagold.ca\\\/#\\\/schema\\\/logo\\\/image\\\/\",\"url\":\"https:\\\/\\\/ottawagold.ca\\\/wp-content\\\/uploads\\\/2025\\\/01\\\/Canada-Gold-Web-Logo-No-Tagline_Light_Gold_Blue.png\",\"contentUrl\":\"https:\\\/\\\/ottawagold.ca\\\/wp-content\\\/uploads\\\/2025\\\/01\\\/Canada-Gold-Web-Logo-No-Tagline_Light_Gold_Blue.png\",\"width\":450,\"height\":89,\"caption\":\"Ottawa Gold\"},\"image\":{\"@id\":\"https:\\\/\\\/ottawagold.ca\\\/#\\\/schema\\\/logo\\\/image\\\/\"},\"sameAs\":[\"https:\\\/\\\/www.facebook.com\\\/CanadaGoldBBB\",\"https:\\\/\\\/x.com\\\/CanadaGoldBBB\",\"https:\\\/\\\/www.instagram.com\\\/canadagold.ca\"]}]}<\/script>\n<!-- \/ Yoast SEO plugin. -->","yoast_head_json":{"title":"Meilleur endroit pour acheter et vendre de l'or - Ottawa Gold","description":"D\u00e9couvrez Canada Gold et ce qui fait de nos \u00e9tablissements \u00e0 travers le pays les meilleurs endroits pour acheter et vendre de l'or.","robots":{"index":"index","follow":"follow","max-snippet":"max-snippet:-1","max-image-preview":"max-image-preview:large","max-video-preview":"max-video-preview:-1"},"canonical":"https:\/\/ottawagold.ca\/fr\/about-canada-gold-ottawa\/","og_locale":"fr_CA","og_type":"article","og_title":"Best Place To Buy & Sell Gold - Ottawa Gold","og_description":"Learn about Canada Gold and what makes our locations across the country the best places to buy and sell gold.","og_url":"https:\/\/ottawagold.ca\/fr\/about-canada-gold-ottawa\/","og_site_name":"Ottawa Gold","article_publisher":"https:\/\/www.facebook.com\/CanadaGoldBBB","article_modified_time":"2026-01-06T17:05:16+00:00","og_image":[{"width":450,"height":107,"url":"https:\/\/ottawagold.ca\/wp-content\/uploads\/2025\/07\/canadagold-logo-Ottawa-satellites-dark.png","type":"image\/png"}],"twitter_card":"summary_large_image","twitter_site":"@CanadaGoldBBB","twitter_misc":{"Estimation du temps de lecture":"3 minutes"},"schema":{"@context":"https:\/\/schema.org","@graph":[{"@type":"WebPage","@id":"https:\/\/ottawagold.ca\/about-canada-gold-ottawa\/","url":"https:\/\/ottawagold.ca\/about-canada-gold-ottawa\/","name":"Meilleur endroit pour acheter et vendre de l'or - Ottawa Gold","isPartOf":{"@id":"https:\/\/ottawagold.ca\/#website"},"datePublished":"2025-02-18T14:56:01+00:00","dateModified":"2026-01-06T17:05:16+00:00","description":"D\u00e9couvrez Canada Gold et ce qui fait de nos \u00e9tablissements \u00e0 travers le pays les meilleurs endroits pour acheter et vendre de l'or.","breadcrumb":{"@id":"https:\/\/ottawagold.ca\/about-canada-gold-ottawa\/#breadcrumb"},"inLanguage":"fr-CA","potentialAction":[{"@type":"ReadAction","target":["https:\/\/ottawagold.ca\/about-canada-gold-ottawa\/"]}]},{"@type":"BreadcrumbList","@id":"https:\/\/ottawagold.ca\/about-canada-gold-ottawa\/#breadcrumb","itemListElement":[{"@type":"ListItem","position":1,"name":"Home","item":"https:\/\/ottawagold.ca\/"},{"@type":"ListItem","position":2,"name":"About Canada Gold &#8211; Ottawa"}]},{"@type":"WebSite","@id":"https:\/\/ottawagold.ca\/#website","url":"https:\/\/ottawagold.ca\/","name":"Ottawa Gold","description":"Une division de Canada Gold","publisher":{"@id":"https:\/\/ottawagold.ca\/#organization"},"potentialAction":[{"@type":"SearchAction","target":{"@type":"EntryPoint","urlTemplate":"https:\/\/ottawagold.ca\/?s={search_term_string}"},"query-input":{"@type":"PropertyValueSpecification","valueRequired":true,"valueName":"search_term_string"}}],"inLanguage":"fr-CA"},{"@type":"Organization","@id":"https:\/\/ottawagold.ca\/#organization","name":"Ottawa Gold","url":"https:\/\/ottawagold.ca\/","logo":{"@type":"ImageObject","inLanguage":"fr-CA","@id":"https:\/\/ottawagold.ca\/#\/schema\/logo\/image\/","url":"https:\/\/ottawagold.ca\/wp-content\/uploads\/2025\/01\/Canada-Gold-Web-Logo-No-Tagline_Light_Gold_Blue.png","contentUrl":"https:\/\/ottawagold.ca\/wp-content\/uploads\/2025\/01\/Canada-Gold-Web-Logo-No-Tagline_Light_Gold_Blue.png","width":450,"height":89,"caption":"Ottawa Gold"},"image":{"@id":"https:\/\/ottawagold.ca\/#\/schema\/logo\/image\/"},"sameAs":["https:\/\/www.facebook.com\/CanadaGoldBBB","https:\/\/x.com\/CanadaGoldBBB","https:\/\/www.instagram.com\/canadagold.ca"]}]}},"_links":{"self":[{"href":"https:\/\/ottawagold.ca\/fr\/wp-json\/wp\/v2\/pages\/71853","targetHints":{"allow":["GET"]}}],"collection":[{"href":"https:\/\/ottawagold.ca\/fr\/wp-json\/wp\/v2\/pages"}],"about":[{"href":"https:\/\/ottawagold.ca\/fr\/wp-json\/wp\/v2\/types\/page"}],"author":[{"embeddable":true,"href":"https:\/\/ottawagold.ca\/fr\/wp-json\/wp\/v2\/users\/1"}],"replies":[{"embeddable":true,"href":"https:\/\/ottawagold.ca\/fr\/wp-json\/wp\/v2\/comments?post=71853"}],"version-history":[{"count":0,"href":"https:\/\/ottawagold.ca\/fr\/wp-json\/wp\/v2\/pages\/71853\/revisions"}],"wp:attachment":[{"href":"https:\/\/ottawagold.ca\/fr\/wp-json\/wp\/v2\/media?parent=71853"}],"curies":[{"name":"wp","href":"https:\/\/api.w.org\/{rel}","templated":true}]}}