{"id":185,"date":"2025-01-23T14:33:16","date_gmt":"2025-01-23T14:33:16","guid":{"rendered":"https:\/\/ottawagolddev.wpenginepowered.com\/?page_id=185"},"modified":"2025-08-14T16:30:33","modified_gmt":"2025-08-14T23:30:33","slug":"buy-from-us","status":"publish","type":"page","link":"https:\/\/ottawagold.ca\/fr\/buy-from-us\/","title":{"rendered":"Acheter chez nous"},"content":{"rendered":"<p>[et_pb_section fb_built=&#8221;1&#8243; custom_padding_last_edited=&#8221;on|desktop&#8221; admin_label=&#8221;Section&#8221; _builder_version=&#8221;4.27.4&#8243; _module_preset=&#8221;default&#8221; background_color=&#8221;#032340&#8243; height_tablet=&#8221;&#8221; height_phone=&#8221;&#8221; height_last_edited=&#8221;on|desktop&#8221; custom_padding=&#8221;9px||4px||false|false&#8221; custom_padding_tablet=&#8221;9px||4px||false|false&#8221; custom_padding_phone=&#8221;9px||4px||false|false&#8221; border_color_bottom=&#8221;#D2AE74&#8243; global_module=&#8221;73382&#8243; saved_tabs=&#8221;all&#8221; locked=&#8221;off&#8221; collapsed=&#8221;off&#8221; global_colors_info=&#8221;{}&#8221;][et_pb_row make_equal=&#8221;on&#8221; _builder_version=&#8221;4.27.4&#8243; _module_preset=&#8221;default&#8221; custom_padding=&#8221;0px||0px||false|false&#8221; custom_css_main_element=&#8221;display:flex;&#8221; global_colors_info=&#8221;{}&#8221;][et_pb_column type=&#8221;4_4&#8243; _builder_version=&#8221;4.27.4&#8243; _module_preset=&#8221;default&#8221; custom_css_main_element=&#8221;display:flex;||flex-direction:column;||justify-content: center;&#8221; global_colors_info=&#8221;{}&#8221;][et_pb_text _builder_version=&#8221;4.27.4&#8243; _dynamic_attributes=&#8221;content&#8221; _module_preset=&#8221;default&#8221; header_font=&#8221;|&#8211;et_global_heading_font_weight||on|||||&#8221; header_text_align=&#8221;center&#8221; header_text_color=&#8221;#FFFFFF&#8221; header_font_size=&#8221;38px&#8221; custom_css_free_form=&#8221;.selector h1 {||  font-weight:400!important;||}&#8221; global_colors_info=&#8221;{}&#8221;]@ET-DC@eyJkeW5hbWljIjp0cnVlLCJjb250ZW50IjoicG9zdF90aXRsZSIsInNldHRpbmdzIjp7ImJlZm9yZSI6IjxoMT4iLCJhZnRlciI6IjwvaDE+In19@[\/et_pb_text][\/et_pb_column][\/et_pb_row][\/et_pb_section][et_pb_section fb_built=&#8221;1&#8243; _builder_version=&#8221;4.27.4&#8243; _module_preset=&#8221;default&#8221; custom_margin=&#8221;||20px||false|false&#8221; custom_padding=&#8221;0px||0px||false|false&#8221; global_module=&#8221;151&#8243; saved_tabs=&#8221;all&#8221; locked=&#8221;off&#8221; global_colors_info=&#8221;{}&#8221;][et_pb_row _builder_version=&#8221;4.27.4&#8243; _module_preset=&#8221;default&#8221; max_width=&#8221;1280px&#8221; custom_padding=&#8221;20px||20px||true|false&#8221; global_colors_info=&#8221;{}&#8221;][et_pb_column type=&#8221;4_4&#8243; _builder_version=&#8221;4.27.4&#8243; _module_preset=&#8221;default&#8221; global_colors_info=&#8221;{}&#8221;][et_pb_text _builder_version=&#8221;4.27.4&#8243; _module_preset=&#8221;default&#8221; text_font=&#8221;|&#8211;et_global_body_font_weight||on|||||&#8221; text_text_color=&#8221;#0E3E63&#8243; text_font_size=&#8221;14px&#8221; link_font=&#8221;|||on|||||&#8221; link_text_color=&#8221;#000000&#8243; global_colors_info=&#8221;{}&#8221;]<\/p>\n<div data-plaintext=\"true\" data-pm-slice=\"1 1 [&quot;codeblock&quot;,{&quot;style&quot;:null,&quot;codeblock&quot;:true,&quot;textAlign&quot;:null,&quot;syntaxLanguage&quot;:null,&quot;lineWrapping&quot;:false}]\" data-en-clipboard=\"true\"><span><span><a href=\"https:\/\/ottawagold.ca\/\">Home<\/a><\/span><\/span><\/div>\n<p>[\/et_pb_text][\/et_pb_column][\/et_pb_row][\/et_pb_section][et_pb_section fb_built=&#8221;1&#8243; _builder_version=&#8221;4.27.4&#8243; _module_preset=&#8221;default&#8221; custom_padding=&#8221;0px||0px||false|false&#8221; global_colors_info=&#8221;{}&#8221;][et_pb_row _builder_version=&#8221;4.27.4&#8243; _module_preset=&#8221;default&#8221; max_width=&#8221;1280px&#8221; custom_margin=&#8221;||0px||false|false&#8221; custom_padding=&#8221;0px||0px||false|false&#8221; global_colors_info=&#8221;{}&#8221;][et_pb_column type=&#8221;4_4&#8243; _builder_version=&#8221;4.27.4&#8243; _module_preset=&#8221;default&#8221; global_colors_info=&#8221;{}&#8221;][et_pb_text _builder_version=&#8221;4.27.4&#8243; _module_preset=&#8221;default&#8221; text_text_color=&#8221;#000000&#8243; header_2_font=&#8221;|&#8211;et_global_heading_font_weight|||||||&#8221; header_2_font_size=&#8221;36px&#8221; header_3_line_height=&#8221;1.2em&#8221; custom_margin=&#8221;||0px||false|false&#8221; custom_padding=&#8221;||0px||false|false&#8221; custom_css_free_form=&#8221; &#8221; global_colors_info=&#8221;{}&#8221;]<\/p>\n<h2>Ottawa&#8217;s Premier Gold and Silver Dealer With Two Outstanding Locations<\/h2>\n<p>&nbsp;<\/p>\n<p>[\/et_pb_text][\/et_pb_column][\/et_pb_row][et_pb_row column_structure=&#8221;3_5,2_5&#8243; _builder_version=&#8221;4.27.4&#8243; _module_preset=&#8221;default&#8221; max_width=&#8221;1280px&#8221; custom_padding=&#8221;0px||0px||false|false&#8221; global_colors_info=&#8221;{}&#8221;][et_pb_column type=&#8221;3_5&#8243; _builder_version=&#8221;4.27.4&#8243; _module_preset=&#8221;default&#8221; global_colors_info=&#8221;{}&#8221;][et_pb_text _builder_version=&#8221;4.27.4&#8243; _module_preset=&#8221;default&#8221; text_text_color=&#8221;#000000&#8243; header_3_line_height=&#8221;1.2em&#8221; hover_enabled=&#8221;0&#8243; global_colors_info=&#8221;{}&#8221; sticky_enabled=&#8221;0&#8243;]<\/p>\n<p>Where do you go in Ottawa to purchase physical gold and silver bullion?\u00a0 Canada Gold Ottawa not only has two locations in the city but is also a BBB accredited authorized retailer of Royal Canadian Mint products.\u00a0 <a href=\"https:\/\/ottawagold.ca\/buy-from-us\/bullion\/\"><strong>The bullion sale prices we offer our customers are based on current market rates and can be viewed here<\/strong><\/a>.<\/p>\n<p>Buying physical gold or silver requires a safe, secure and comfortable place to do business.\u00a0 Our stores are designed to give you ultimate privacy and security for any and all transactions. Whether you are buying or selling, you&#8217;ll be treated with respect by our friendly, knowledgeable staff of precious metal experts at either of our Ottawa area locations.<\/p>\n<p>We welcome everyone, from coin collectors looking for a specific RCM coin to investors who want to expand their portfolio to include physical bullion.\u00a0 Regardless of what you wish to buy, we want to make every transaction a positive experience that will make you want to return.<\/p>\n<p>So whether you are an Ottawa native or just visiting and interested in purchasing gold and silver bullion, we hope you&#8217;ll give us the opportunity to show you the difference our hyper competitive pricing, exceptional service and commitment to customer satisfaction makes when purchasing precious metals.\u00a0 It&#8217;s what we&#8217;ve built our business on and it&#8217;s why so many of our first time customers become customers for life.<\/p>\n<p>&nbsp;<\/p>\n<p>&nbsp;<\/p>\n<p>&nbsp;<\/p>\n<p>&nbsp;<\/p>\n<p>[\/et_pb_text][\/et_pb_column][et_pb_column type=&#8221;2_5&#8243; _builder_version=&#8221;4.27.4&#8243; _module_preset=&#8221;default&#8221; global_colors_info=&#8221;{}&#8221;][et_pb_image src=&#8221;https:\/\/ottawagold.ca\/wp-content\/uploads\/2025\/07\/Temp-455_3000px-scaled.jpg&#8221; alt=&#8221;Canada Gold Ottawa&#8221; title_text=&#8221;Temp-455_3000px&#8221; _builder_version=&#8221;4.27.4&#8243; _module_preset=&#8221;default&#8221; global_colors_info=&#8221;{}&#8221;][\/et_pb_image][\/et_pb_column][\/et_pb_row][\/et_pb_section][et_pb_section fb_built=&#8221;1&#8243; disabled_on=&#8221;on|on|off&#8221; _builder_version=&#8221;4.27.4&#8243; _module_preset=&#8221;default&#8221; background_color=&#8221;rgba(247,247,247,0.9)&#8221; custom_margin=&#8221;30px||||false|false&#8221; custom_padding=&#8221;10px||10px||false|false&#8221; border_width_top=&#8221;1px&#8221; border_color_top=&#8221;#D2AE74&#8243; border_width_bottom=&#8221;2px&#8221; border_color_bottom=&#8221;#D2AE74&#8243; box_shadow_style=&#8221;preset3&#8243; global_colors_info=&#8221;{}&#8221;][et_pb_row _builder_version=&#8221;4.27.4&#8243; _module_preset=&#8221;default&#8221; max_width=&#8221;1280px&#8221; global_colors_info=&#8221;{}&#8221;][et_pb_column type=&#8221;4_4&#8243; _builder_version=&#8221;4.27.4&#8243; _module_preset=&#8221;default&#8221; global_colors_info=&#8221;{}&#8221;][et_pb_text _builder_version=&#8221;4.27.4&#8243; _module_preset=&#8221;default&#8221; header_2_font=&#8221;|600|||||||&#8221; header_2_text_color=&#8221;#0E3E63&#8243; global_colors_info=&#8221;{}&#8221;]<\/p>\n<h2>Locations<\/h2>\n<p>Visit any of our locations across Canada and the Pacific Northwest.<\/p>\n<p>[\/et_pb_text][\/et_pb_column][\/et_pb_row][et_pb_row disabled_on=&#8221;off|off|off&#8221; _builder_version=&#8221;4.27.4&#8243; _module_preset=&#8221;default&#8221; background_color=&#8221;#f7f7f7&#8243; width_tablet=&#8221;&#8221; width_phone=&#8221;100%&#8221; width_last_edited=&#8221;on|phone&#8221; max_width=&#8221;1440px&#8221; custom_padding=&#8221;0px||||false|false&#8221; border_color_all=&#8221;#0B3B62&#8243; global_module=&#8221;74222&#8243; saved_tabs=&#8221;all&#8221; global_colors_info=&#8221;{}&#8221;][et_pb_column type=&#8221;4_4&#8243; _builder_version=&#8221;4.27.4&#8243; _module_preset=&#8221;default&#8221; global_colors_info=&#8221;{}&#8221;][\/et_pb_column][\/et_pb_row][\/et_pb_section]<\/p>\n","protected":false},"excerpt":{"rendered":"<p><span><span><a href=\"https:\/\/ottawagold.ca\/\">Home<\/a><\/span><\/span>Ottawa&#8217;s Premier Gold and Silver Dealer With Two Outstanding Locations &nbsp;Where do you go in Ottawa to purchase physical gold and silver bullion?\u00a0 Canada Gold Ottawa not only has two locations in the city but is also a BBB accredited authorized retailer of Royal Canadian Mint products.\u00a0 The bullion sale prices we offer our customers [&hellip;]<\/p>\n","protected":false},"author":1,"featured_media":0,"parent":0,"menu_order":0,"comment_status":"closed","ping_status":"closed","template":"","meta":{"_acf_changed":false,"_et_pb_use_builder":"on","_et_pb_old_content":"","_et_gb_content_width":"","footnotes":""},"class_list":["post-185","page","type-page","status-publish","hentry"],"acf":[],"yoast_head":"<!-- This site is optimized with the Yoast SEO plugin v27.4 - https:\/\/yoast.com\/product\/yoast-seo-wordpress\/ -->\n<title>Purchase Physical Bullion - Ottawa Gold<\/title>\n<meta name=\"description\" content=\"Canada Gold is your local gold &amp; silver bullion dealer, with an ample selection of bars, ingots and coins from the RCM and around the world.\" \/>\n<meta name=\"robots\" content=\"index, follow, max-snippet:-1, max-image-preview:large, max-video-preview:-1\" \/>\n<link rel=\"canonical\" href=\"https:\/\/ottawagold.ca\/fr\/buy-from-us\/\" \/>\n<meta property=\"og:locale\" content=\"fr_CA\" \/>\n<meta property=\"og:type\" content=\"article\" \/>\n<meta property=\"og:title\" content=\"Purchase Physical Bullion - Ottawa Gold\" \/>\n<meta property=\"og:description\" content=\"Canada Gold is your local gold &amp; silver bullion dealer, with an ample selection of bars, ingots and coins from the RCM and around the world.\" \/>\n<meta property=\"og:url\" content=\"https:\/\/ottawagold.ca\/fr\/buy-from-us\/\" \/>\n<meta property=\"og:site_name\" content=\"Ottawa Gold\" \/>\n<meta property=\"article:publisher\" content=\"https:\/\/www.facebook.com\/CanadaGoldBBB\" \/>\n<meta property=\"article:modified_time\" content=\"2025-08-14T23:30:33+00:00\" \/>\n<meta property=\"og:image\" content=\"https:\/\/ottawagold.ca\/wp-content\/uploads\/2025\/07\/canadagold-logo-Ottawa-satellites-dark.png\" \/>\n\t<meta property=\"og:image:width\" content=\"450\" \/>\n\t<meta property=\"og:image:height\" content=\"107\" \/>\n\t<meta property=\"og:image:type\" content=\"image\/png\" \/>\n<meta name=\"twitter:card\" content=\"summary_large_image\" \/>\n<meta name=\"twitter:site\" content=\"@CanadaGoldBBB\" \/>\n<meta name=\"twitter:label1\" content=\"Estimation du temps de lecture\" \/>\n\t<meta name=\"twitter:data1\" content=\"2 minutes\" \/>\n<script type=\"application\/ld+json\" class=\"yoast-schema-graph\">{\"@context\":\"https:\\\/\\\/schema.org\",\"@graph\":[{\"@type\":\"WebPage\",\"@id\":\"https:\\\/\\\/ottawagold.ca\\\/buy-from-us\\\/\",\"url\":\"https:\\\/\\\/ottawagold.ca\\\/buy-from-us\\\/\",\"name\":\"Purchase Physical Bullion - Ottawa Gold\",\"isPartOf\":{\"@id\":\"https:\\\/\\\/ottawagold.ca\\\/#website\"},\"datePublished\":\"2025-01-23T14:33:16+00:00\",\"dateModified\":\"2025-08-14T23:30:33+00:00\",\"description\":\"Canada Gold is your local gold & silver bullion dealer, with an ample selection of bars, ingots and coins from the RCM and around the world.\",\"breadcrumb\":{\"@id\":\"https:\\\/\\\/ottawagold.ca\\\/buy-from-us\\\/#breadcrumb\"},\"inLanguage\":\"fr-CA\",\"potentialAction\":[{\"@type\":\"ReadAction\",\"target\":[\"https:\\\/\\\/ottawagold.ca\\\/buy-from-us\\\/\"]}]},{\"@type\":\"BreadcrumbList\",\"@id\":\"https:\\\/\\\/ottawagold.ca\\\/buy-from-us\\\/#breadcrumb\",\"itemListElement\":[{\"@type\":\"ListItem\",\"position\":1,\"name\":\"Home\",\"item\":\"https:\\\/\\\/ottawagold.ca\\\/\"},{\"@type\":\"ListItem\",\"position\":2,\"name\":\"Buy From Us\"}]},{\"@type\":\"WebSite\",\"@id\":\"https:\\\/\\\/ottawagold.ca\\\/#website\",\"url\":\"https:\\\/\\\/ottawagold.ca\\\/\",\"name\":\"Ottawa Gold\",\"description\":\"A Division of Canada Gold\",\"publisher\":{\"@id\":\"https:\\\/\\\/ottawagold.ca\\\/#organization\"},\"potentialAction\":[{\"@type\":\"SearchAction\",\"target\":{\"@type\":\"EntryPoint\",\"urlTemplate\":\"https:\\\/\\\/ottawagold.ca\\\/?s={search_term_string}\"},\"query-input\":{\"@type\":\"PropertyValueSpecification\",\"valueRequired\":true,\"valueName\":\"search_term_string\"}}],\"inLanguage\":\"fr-CA\"},{\"@type\":\"Organization\",\"@id\":\"https:\\\/\\\/ottawagold.ca\\\/#organization\",\"name\":\"Ottawa Gold\",\"url\":\"https:\\\/\\\/ottawagold.ca\\\/\",\"logo\":{\"@type\":\"ImageObject\",\"inLanguage\":\"fr-CA\",\"@id\":\"https:\\\/\\\/ottawagold.ca\\\/#\\\/schema\\\/logo\\\/image\\\/\",\"url\":\"https:\\\/\\\/ottawagold.ca\\\/wp-content\\\/uploads\\\/2025\\\/01\\\/Canada-Gold-Web-Logo-No-Tagline_Light_Gold_Blue.png\",\"contentUrl\":\"https:\\\/\\\/ottawagold.ca\\\/wp-content\\\/uploads\\\/2025\\\/01\\\/Canada-Gold-Web-Logo-No-Tagline_Light_Gold_Blue.png\",\"width\":450,\"height\":89,\"caption\":\"Ottawa Gold\"},\"image\":{\"@id\":\"https:\\\/\\\/ottawagold.ca\\\/#\\\/schema\\\/logo\\\/image\\\/\"},\"sameAs\":[\"https:\\\/\\\/www.facebook.com\\\/CanadaGoldBBB\",\"https:\\\/\\\/x.com\\\/CanadaGoldBBB\",\"https:\\\/\\\/www.instagram.com\\\/canadagold.ca\"]}]}<\/script>\n<!-- \/ Yoast SEO plugin. -->","yoast_head_json":{"title":"Achat de lingots physiques - Ottawa Gold","description":"Canada Gold est votre n\u00e9gociant local de lingots d'or et d'argent, avec une vaste s\u00e9lection de barres, de lingots et de pi\u00e8ces de monnaie de la MRC et du monde entier.","robots":{"index":"index","follow":"follow","max-snippet":"max-snippet:-1","max-image-preview":"max-image-preview:large","max-video-preview":"max-video-preview:-1"},"canonical":"https:\/\/ottawagold.ca\/fr\/buy-from-us\/","og_locale":"fr_CA","og_type":"article","og_title":"Purchase Physical Bullion - Ottawa Gold","og_description":"Canada Gold is your local gold & silver bullion dealer, with an ample selection of bars, ingots and coins from the RCM and around the world.","og_url":"https:\/\/ottawagold.ca\/fr\/buy-from-us\/","og_site_name":"Ottawa Gold","article_publisher":"https:\/\/www.facebook.com\/CanadaGoldBBB","article_modified_time":"2025-08-14T23:30:33+00:00","og_image":[{"width":450,"height":107,"url":"https:\/\/ottawagold.ca\/wp-content\/uploads\/2025\/07\/canadagold-logo-Ottawa-satellites-dark.png","type":"image\/png"}],"twitter_card":"summary_large_image","twitter_site":"@CanadaGoldBBB","twitter_misc":{"Estimation du temps de lecture":"2 minutes"},"schema":{"@context":"https:\/\/schema.org","@graph":[{"@type":"WebPage","@id":"https:\/\/ottawagold.ca\/buy-from-us\/","url":"https:\/\/ottawagold.ca\/buy-from-us\/","name":"Achat de lingots physiques - Ottawa Gold","isPartOf":{"@id":"https:\/\/ottawagold.ca\/#website"},"datePublished":"2025-01-23T14:33:16+00:00","dateModified":"2025-08-14T23:30:33+00:00","description":"Canada Gold est votre n\u00e9gociant local de lingots d'or et d'argent, avec une vaste s\u00e9lection de barres, de lingots et de pi\u00e8ces de monnaie de la MRC et du monde entier.","breadcrumb":{"@id":"https:\/\/ottawagold.ca\/buy-from-us\/#breadcrumb"},"inLanguage":"fr-CA","potentialAction":[{"@type":"ReadAction","target":["https:\/\/ottawagold.ca\/buy-from-us\/"]}]},{"@type":"BreadcrumbList","@id":"https:\/\/ottawagold.ca\/buy-from-us\/#breadcrumb","itemListElement":[{"@type":"ListItem","position":1,"name":"Home","item":"https:\/\/ottawagold.ca\/"},{"@type":"ListItem","position":2,"name":"Buy From Us"}]},{"@type":"WebSite","@id":"https:\/\/ottawagold.ca\/#website","url":"https:\/\/ottawagold.ca\/","name":"Ottawa Gold","description":"Une division de Canada Gold","publisher":{"@id":"https:\/\/ottawagold.ca\/#organization"},"potentialAction":[{"@type":"SearchAction","target":{"@type":"EntryPoint","urlTemplate":"https:\/\/ottawagold.ca\/?s={search_term_string}"},"query-input":{"@type":"PropertyValueSpecification","valueRequired":true,"valueName":"search_term_string"}}],"inLanguage":"fr-CA"},{"@type":"Organization","@id":"https:\/\/ottawagold.ca\/#organization","name":"Ottawa Gold","url":"https:\/\/ottawagold.ca\/","logo":{"@type":"ImageObject","inLanguage":"fr-CA","@id":"https:\/\/ottawagold.ca\/#\/schema\/logo\/image\/","url":"https:\/\/ottawagold.ca\/wp-content\/uploads\/2025\/01\/Canada-Gold-Web-Logo-No-Tagline_Light_Gold_Blue.png","contentUrl":"https:\/\/ottawagold.ca\/wp-content\/uploads\/2025\/01\/Canada-Gold-Web-Logo-No-Tagline_Light_Gold_Blue.png","width":450,"height":89,"caption":"Ottawa Gold"},"image":{"@id":"https:\/\/ottawagold.ca\/#\/schema\/logo\/image\/"},"sameAs":["https:\/\/www.facebook.com\/CanadaGoldBBB","https:\/\/x.com\/CanadaGoldBBB","https:\/\/www.instagram.com\/canadagold.ca"]}]}},"_links":{"self":[{"href":"https:\/\/ottawagold.ca\/fr\/wp-json\/wp\/v2\/pages\/185","targetHints":{"allow":["GET"]}}],"collection":[{"href":"https:\/\/ottawagold.ca\/fr\/wp-json\/wp\/v2\/pages"}],"about":[{"href":"https:\/\/ottawagold.ca\/fr\/wp-json\/wp\/v2\/types\/page"}],"author":[{"embeddable":true,"href":"https:\/\/ottawagold.ca\/fr\/wp-json\/wp\/v2\/users\/1"}],"replies":[{"embeddable":true,"href":"https:\/\/ottawagold.ca\/fr\/wp-json\/wp\/v2\/comments?post=185"}],"version-history":[{"count":0,"href":"https:\/\/ottawagold.ca\/fr\/wp-json\/wp\/v2\/pages\/185\/revisions"}],"wp:attachment":[{"href":"https:\/\/ottawagold.ca\/fr\/wp-json\/wp\/v2\/media?parent=185"}],"curies":[{"name":"wp","href":"https:\/\/api.w.org\/{rel}","templated":true}]}}